{"id":3,"date":"2020-11-29T18:14:40","date_gmt":"2020-11-29T18:14:40","guid":{"rendered":"http:\/\/www.4winds-demo.com\/?page_id=3"},"modified":"2021-04-13T14:37:19","modified_gmt":"2021-04-13T10:37:19","slug":"privacy-policy","status":"publish","type":"page","link":"https:\/\/4winds.org.uk\/es\/privacy-policy\/","title":{"rendered":"Pol\u00edtica de privacidad"},"content":{"rendered":"<div data-elementor-type=\"wp-page\" data-elementor-id=\"3\" class=\"elementor elementor-3\" data-elementor-post-type=\"page\">\n\t\t\t\t\t\t<section data-particle_enable=\"false\" data-particle-mobile-disabled=\"false\" class=\"elementor-section elementor-top-section elementor-element elementor-element-50df335e elementor-section-boxed elementor-section-height-default elementor-section-height-default\" data-id=\"50df335e\" data-element_type=\"section\" data-e-type=\"section\">\n\t\t\t\t\t\t<div class=\"elementor-container elementor-column-gap-default\">\n\t\t\t\t\t<div class=\"elementor-column elementor-col-100 elementor-top-column elementor-element elementor-element-5e31d03d\" data-id=\"5e31d03d\" data-element_type=\"column\" data-e-type=\"column\">\n\t\t\t<div class=\"elementor-widget-wrap elementor-element-populated\">\n\t\t\t\t\t\t<div class=\"elementor-element elementor-element-27077a92 elementor-widget elementor-widget-text-editor\" data-id=\"27077a92\" data-element_type=\"widget\" data-e-type=\"widget\" data-widget_type=\"text-editor.default\">\n\t\t\t\t<div class=\"elementor-widget-container\">\n\t\t\t\t\t\t\t\t\t<p><strong>Quienes somos<\/strong><\/p>\n<p>4Winds es una organizaci\u00f3n ben\u00e9fica de salud mental independiente que brinda <strong>Servicio de recursos de salud mental <\/strong>para mejorar la salud mental y el bienestar en Cardiff y el Valle de Glamorgan.<\/p>\n<p><strong>4Winds es el controlador de datos<\/strong><\/p>\n<p><strong>Comentarios<\/strong><\/p>\n<p><strong>Objeto de la Pol\u00edtica de Privacidad: <\/strong>Este aviso de privacidad cubre todos los datos personales que recopila 4Winds. Nuestro aviso de privacidad explica c\u00f3mo 4Winds usa los datos personales.<\/p>\n<p>4Winds se compromete a respetar su privacidad y a mantener seguros sus datos personales.<\/p>\n<p><strong>\u00a0<\/strong><strong>Por qu\u00e9 4Winds recopila datos: <\/strong>De acuerdo con los Art\u00edculos de Asociaci\u00f3n, metas y objetivos de 4Winds, 4Winds recopila datos personales para:<\/p>\n<ul>\n<li>Compartir informaci\u00f3n relevante para nuestros miembros y organizaciones con las que trabajamos.<\/li>\n<li>Mantenga un registro de los miembros de 4Winds<\/li>\n<li>Mantener un registro de piezas espec\u00edficas de trabajo de apoyo con las personas.<\/li>\n<li>Responder a solicitudes de informaci\u00f3n<\/li>\n<li>Monitorear y evaluar su servicio<\/li>\n<li>Contratar y emplear personal<\/li>\n<li>Mantener registros de contratos, proveedores y organizaciones.<\/li>\n<li>Mantenga registros de los servicios o productos comprados por 4Winds<\/li>\n<\/ul>\n<p><strong>C\u00f3mo 4Winds recopila datos<\/strong>: La informaci\u00f3n personal que recopilamos se ha recibido en su mayor\u00eda directamente de usted, a trav\u00e9s de formularios de membres\u00eda y otros formularios de registro (por ejemplo, en eventos o reuniones), por tel\u00e9fono o por correo electr\u00f3nico y mediante solicitudes de empleo.<\/p>\n<p><strong>Qu\u00e9 datos se recopilan y d\u00f3nde se almacenan: <\/strong>4Winds recopila datos relevantes para la provisi\u00f3n continua de servicios (ver arriba) y los almacena en una base de datos que est\u00e1 encriptada y solo accesible para el personal de 4Winds.<\/p>\n<p>Las direcciones de correo electr\u00f3nico tambi\u00e9n se pueden almacenar en libretas de direcciones de correo electr\u00f3nico. Todas las cuentas de correo electr\u00f3nico tienen una contrase\u00f1a segura y todas las PC de 4Wind tambi\u00e9n est\u00e1n protegidas con contrase\u00f1a y bloqueadas cuando no est\u00e1n en uso.<\/p>\n<ul>\n<li>Para los correos electr\u00f3nicos, el nombre y la direcci\u00f3n de correo electr\u00f3nico se almacenan en las libretas de direcciones de correo electr\u00f3nico. Si tenemos otros datos de contacto registrados, se almacenar\u00e1n en la base de datos de 4Winds.<\/li>\n<li>Para env\u00edos impresos, el nombre y la direcci\u00f3n se almacenan en la base de datos de 4Winds y, opcionalmente, la direcci\u00f3n de tel\u00e9fono y correo electr\u00f3nico.<\/li>\n<li>Si solicita un trabajo con nosotros, recopilaremos informaci\u00f3n sobre su historial laboral, calificaciones y referencias.<\/li>\n<li>Si trabaja o se ofrece como voluntario para nosotros, recopilaremos y usaremos informaci\u00f3n personal adicional, como detalles financieros.<\/li>\n<li>Si completa cuestionarios, encuestas o formularios de comentarios, recopilaremos sus experiencias, opiniones y cualquier informaci\u00f3n que est\u00e9 feliz de compartir con nosotros.<\/li>\n<li>A efectos de seguimiento, podemos solicitar informaci\u00f3n sobre caracter\u00edsticas de igualdad, esto es an\u00f3nimo.<br \/>La informaci\u00f3n financiera tambi\u00e9n se puede recopilar y almacenar de forma segura.<\/li>\n<\/ul>\n<p><strong>Compartir datos: <\/strong>Los datos personales no se compartir\u00e1n con nadie fuera de 4Winds sin consentimiento. La \u00fanica excepci\u00f3n es que si creemos que su seguridad o la seguridad de otra persona est\u00e1 en riesgo, podemos llamar a los servicios de emergencia. Las listas de distribuci\u00f3n de correo electr\u00f3nico no se mostrar\u00e1n en ning\u00fan correo electr\u00f3nico \/ informaci\u00f3n de marketing enviada por 4Winds.<\/p>\n<p><strong>Optar por no participar y modificar los datos: <\/strong>Cualquiera en la base de datos de 4Winds puede optar por no participar en cualquier momento mediante solicitud. Las solicitudes se pueden hacer a cualquier miembro del personal, por escrito a 4Winds, 65 Clare Road, Grangetown, Cardiff CF11 6QP, llamando al 029 20388144 o enviando un correo electr\u00f3nico <u>contact@4winds.org.uk<\/u><\/p>\n<p>Si sus datos personales cambian, comun\u00edquese con nosotros mediante los m\u00e9todos descritos anteriormente.<\/p>\n<p><strong>Accediendo a los datos que tenemos: <\/strong>Puede solicitar acceso a la informaci\u00f3n que ha proporcionado en cualquier momento poni\u00e9ndose en contacto con nosotros mediante los m\u00e9todos descritos anteriormente en &#039;<em>Optar por no participar y modificar los datos<\/em>&#039;.<\/p>\n<p>Para obtener asesoramiento independiente sobre cuestiones de protecci\u00f3n de datos, privacidad e intercambio de datos, o si alguna vez no est\u00e1 satisfecho con la forma en que hemos manejado sus datos personales, puede llamar a la Oficina del Comisionado de Informaci\u00f3n (ICO) al:<\/p>\n<p><strong>Datos de contacto de ICO Gales:<\/strong><\/p>\n<p>Oficina del Comisionado de Informaci\u00f3n - Gales<br \/>2 \u00b0 piso<br \/>Churchill House<br \/>Churchill Way<br \/>Cardiff<br \/>CF10 2HH<br \/><br \/>Tel\u00e9fono: 029 2067 8400<br \/>Fax: 029 2067 8399<br \/>Correo electr\u00f3nico: wales@ico.org.uk<br \/><br \/><strong>Detalles de la oficina central de ICO:<\/strong><\/p>\n<p>Oficina del Comisionado de Informaci\u00f3n<br \/>Casa Wycliffe<br \/>Carril del agua<br \/>Wilmslow<br \/>Cheshire<br \/>SK9 5AF<br \/><br \/>Tel\u00e9fono: 0303123 1113 o 01625 545745<br \/>Fax: 01625 524510<\/p>\n<p>Aprobado: mayo de 2018<\/p>\n<p>\u00a0<\/p>\t\t\t\t\t\t\t\t<\/div>\n\t\t\t\t<\/div>\n\t\t\t\t\t<\/div>\n\t\t<\/div>\n\t\t\t\t\t<\/div>\n\t\t<\/section>\n\t\t\t\t<\/div>","protected":false},"excerpt":{"rendered":"<p>Who we are 4Winds is an independent mental health charity providing a Mental Health Resource Service to improve mental health and well being in Cardiff and the Vale of Glamorgan. 4Winds is the Data Controller Comments Purpose of the Privacy Policy: This privacy notice covers all personal data that is gathered by 4Winds. Our privacy [&hellip;]<\/p>\n","protected":false},"author":1,"featured_media":0,"parent":0,"menu_order":0,"comment_status":"closed","ping_status":"open","template":"","meta":{"site-sidebar-layout":"default","site-content-layout":"","ast-site-content-layout":"default","site-content-style":"default","site-sidebar-style":"default","ast-global-header-display":"","ast-banner-title-visibility":"","ast-main-header-display":"","ast-hfb-above-header-display":"","ast-hfb-below-header-display":"","ast-hfb-mobile-header-display":"","site-post-title":"","ast-breadcrumbs-content":"","ast-featured-img":"","footer-sml-layout":"","theme-transparent-header-meta":"","adv-header-id-meta":"","stick-header-meta":"","header-above-stick-meta":"","header-main-stick-meta":"","header-below-stick-meta":"","astra-migrate-meta-layouts":"default","ast-page-background-enabled":"default","ast-page-background-meta":{"desktop":{"background-color":"","background-image":"","background-repeat":"repeat","background-position":"center center","background-size":"auto","background-attachment":"scroll","background-type":"","background-media":"","overlay-type":"","overlay-color":"","overlay-opacity":"","overlay-gradient":""},"tablet":{"background-color":"","background-image":"","background-repeat":"repeat","background-position":"center center","background-size":"auto","background-attachment":"scroll","background-type":"","background-media":"","overlay-type":"","overlay-color":"","overlay-opacity":"","overlay-gradient":""},"mobile":{"background-color":"","background-image":"","background-repeat":"repeat","background-position":"center center","background-size":"auto","background-attachment":"scroll","background-type":"","background-media":"","overlay-type":"","overlay-color":"","overlay-opacity":"","overlay-gradient":""}},"ast-content-background-meta":{"desktop":{"background-color":"var(--ast-global-color-5)","background-image":"","background-repeat":"repeat","background-position":"center center","background-size":"auto","background-attachment":"scroll","background-type":"","background-media":"","overlay-type":"","overlay-color":"","overlay-opacity":"","overlay-gradient":""},"tablet":{"background-color":"var(--ast-global-color-5)","background-image":"","background-repeat":"repeat","background-position":"center center","background-size":"auto","background-attachment":"scroll","background-type":"","background-media":"","overlay-type":"","overlay-color":"","overlay-opacity":"","overlay-gradient":""},"mobile":{"background-color":"var(--ast-global-color-5)","background-image":"","background-repeat":"repeat","background-position":"center center","background-size":"auto","background-attachment":"scroll","background-type":"","background-media":"","overlay-type":"","overlay-color":"","overlay-opacity":"","overlay-gradient":""}},"footnotes":""},"class_list":["post-3","page","type-page","status-publish","hentry"],"_links":{"self":[{"href":"https:\/\/4winds.org.uk\/es\/wp-json\/wp\/v2\/pages\/3","targetHints":{"allow":["GET"]}}],"collection":[{"href":"https:\/\/4winds.org.uk\/es\/wp-json\/wp\/v2\/pages"}],"about":[{"href":"https:\/\/4winds.org.uk\/es\/wp-json\/wp\/v2\/types\/page"}],"author":[{"embeddable":true,"href":"https:\/\/4winds.org.uk\/es\/wp-json\/wp\/v2\/users\/1"}],"replies":[{"embeddable":true,"href":"https:\/\/4winds.org.uk\/es\/wp-json\/wp\/v2\/comments?post=3"}],"version-history":[{"count":4,"href":"https:\/\/4winds.org.uk\/es\/wp-json\/wp\/v2\/pages\/3\/revisions"}],"predecessor-version":[{"id":4849,"href":"https:\/\/4winds.org.uk\/es\/wp-json\/wp\/v2\/pages\/3\/revisions\/4849"}],"wp:attachment":[{"href":"https:\/\/4winds.org.uk\/es\/wp-json\/wp\/v2\/media?parent=3"}],"curies":[{"name":"wp","href":"https:\/\/api.w.org\/{rel}","templated":true}]}}