{"id":341,"date":"2021-02-23T08:17:06","date_gmt":"2021-02-23T04:17:06","guid":{"rendered":"http:\/\/www.4winds-demo.com\/?page_id=341"},"modified":"2024-12-24T05:19:43","modified_gmt":"2024-12-24T05:19:43","slug":"feedback","status":"publish","type":"page","link":"https:\/\/4winds.org.uk\/es\/feedback\/","title":{"rendered":"Realimentaci\u00f3n"},"content":{"rendered":"<div data-elementor-type=\"wp-page\" data-elementor-id=\"341\" class=\"elementor elementor-341\" data-elementor-post-type=\"page\">\n\t\t\t\t\t\t<section data-particle_enable=\"false\" data-particle-mobile-disabled=\"false\" class=\"elementor-section elementor-top-section elementor-element elementor-element-5caa775 elementor-hidden-mobile elementor-section-boxed elementor-section-height-default elementor-section-height-default\" data-id=\"5caa775\" data-element_type=\"section\" data-e-type=\"section\" data-settings=\"{&quot;background_background&quot;:&quot;classic&quot;}\">\n\t\t\t\t\t\t\t<div class=\"elementor-background-overlay\"><\/div>\n\t\t\t\t\t\t\t<div class=\"elementor-container elementor-column-gap-default\">\n\t\t\t\t\t<div class=\"elementor-column elementor-col-100 elementor-top-column elementor-element elementor-element-08090d3\" data-id=\"08090d3\" data-element_type=\"column\" data-e-type=\"column\">\n\t\t\t<div class=\"elementor-widget-wrap elementor-element-populated\">\n\t\t\t\t\t\t<section data-particle_enable=\"false\" data-particle-mobile-disabled=\"false\" class=\"elementor-section elementor-inner-section elementor-element elementor-element-248106e elementor-section-boxed elementor-section-height-default elementor-section-height-default\" data-id=\"248106e\" data-element_type=\"section\" data-e-type=\"section\">\n\t\t\t\t\t\t<div class=\"elementor-container elementor-column-gap-default\">\n\t\t\t\t\t<div class=\"elementor-column elementor-col-50 elementor-inner-column elementor-element elementor-element-2874600\" data-id=\"2874600\" data-element_type=\"column\" data-e-type=\"column\">\n\t\t\t<div class=\"elementor-widget-wrap elementor-element-populated\">\n\t\t\t\t\t\t<div class=\"elementor-element elementor-element-edb3320 elementor-widget elementor-widget-theme-site-logo elementor-widget-image\" data-id=\"edb3320\" data-element_type=\"widget\" data-e-type=\"widget\" data-widget_type=\"theme-site-logo.default\">\n\t\t\t\t<div class=\"elementor-widget-container\">\n\t\t\t\t\t\t\t\t\t\t\t<a href=\"https:\/\/4winds.org.uk\/es\">\n\t\t\t<img fetchpriority=\"high\" decoding=\"async\" width=\"1000\" height=\"334\" src=\"https:\/\/4winds.org.uk\/wp-content\/uploads\/2021\/03\/cropped-4Winds_logo_with-tag-line-2-150x50.png\" class=\"attachment-full size-full wp-image-2033\" alt=\"\" srcset=\"https:\/\/4winds.org.uk\/wp-content\/uploads\/2021\/03\/cropped-4Winds_logo_with-tag-line-2.png 1000w, https:\/\/4winds.org.uk\/wp-content\/uploads\/2021\/03\/cropped-4Winds_logo_with-tag-line-2-300x100.png 300w, https:\/\/4winds.org.uk\/wp-content\/uploads\/2021\/03\/cropped-4Winds_logo_with-tag-line-2-768x257.png 768w, https:\/\/4winds.org.uk\/wp-content\/uploads\/2021\/03\/cropped-4Winds_logo_with-tag-line-2-16x5.png 16w, https:\/\/4winds.org.uk\/wp-content\/uploads\/2021\/03\/cropped-4Winds_logo_with-tag-line-2-150x50.png 150w\" sizes=\"(max-width: 1000px) 100vw, 1000px\" \/>\t\t\t\t<\/a>\n\t\t\t\t\t\t\t\t\t\t\t<\/div>\n\t\t\t\t<\/div>\n\t\t\t\t<div class=\"elementor-element elementor-element-24bd301 elementor-widget elementor-widget-spacer\" data-id=\"24bd301\" data-element_type=\"widget\" data-e-type=\"widget\" data-widget_type=\"spacer.default\">\n\t\t\t\t<div class=\"elementor-widget-container\">\n\t\t\t\t\t\t\t<div class=\"elementor-spacer\">\n\t\t\t<div class=\"elementor-spacer-inner\"><\/div>\n\t\t<\/div>\n\t\t\t\t\t\t<\/div>\n\t\t\t\t<\/div>\n\t\t\t\t<div class=\"elementor-element elementor-element-09e0578 elementor-widget elementor-widget-heading\" data-id=\"09e0578\" data-element_type=\"widget\" data-e-type=\"widget\" data-widget_type=\"heading.default\">\n\t\t\t\t<div class=\"elementor-widget-container\">\n\t\t\t\t\t<h2 class=\"elementor-heading-title elementor-size-default\">Realimentaci\u00f3n<\/h2>\t\t\t\t<\/div>\n\t\t\t\t<\/div>\n\t\t\t\t\t<\/div>\n\t\t<\/div>\n\t\t\t\t<div class=\"elementor-column elementor-col-50 elementor-inner-column elementor-element elementor-element-c24ca19\" data-id=\"c24ca19\" data-element_type=\"column\" data-e-type=\"column\">\n\t\t\t<div class=\"elementor-widget-wrap\">\n\t\t\t\t\t\t\t<\/div>\n\t\t<\/div>\n\t\t\t\t\t<\/div>\n\t\t<\/section>\n\t\t\t\t\t<\/div>\n\t\t<\/div>\n\t\t\t\t\t<\/div>\n\t\t<\/section>\n\t\t\t\t<section data-particle_enable=\"false\" data-particle-mobile-disabled=\"false\" class=\"elementor-section elementor-top-section elementor-element elementor-element-7650701 elementor-hidden-tablet elementor-hidden-desktop elementor-section-boxed elementor-section-height-default elementor-section-height-default\" data-id=\"7650701\" data-element_type=\"section\" data-e-type=\"section\" data-settings=\"{&quot;background_background&quot;:&quot;classic&quot;}\">\n\t\t\t\t\t\t\t<div class=\"elementor-background-overlay\"><\/div>\n\t\t\t\t\t\t\t<div class=\"elementor-container elementor-column-gap-default\">\n\t\t\t\t\t<div class=\"elementor-column elementor-col-100 elementor-top-column elementor-element elementor-element-19fcf0a\" data-id=\"19fcf0a\" data-element_type=\"column\" data-e-type=\"column\">\n\t\t\t<div class=\"elementor-widget-wrap elementor-element-populated\">\n\t\t\t\t\t\t<section data-particle_enable=\"false\" data-particle-mobile-disabled=\"false\" class=\"elementor-section elementor-inner-section elementor-element elementor-element-bcdd29a elementor-section-boxed elementor-section-height-default elementor-section-height-default\" data-id=\"bcdd29a\" data-element_type=\"section\" data-e-type=\"section\">\n\t\t\t\t\t\t<div class=\"elementor-container elementor-column-gap-default\">\n\t\t\t\t\t<div class=\"elementor-column elementor-col-100 elementor-inner-column elementor-element elementor-element-47db19c\" data-id=\"47db19c\" data-element_type=\"column\" data-e-type=\"column\">\n\t\t\t<div class=\"elementor-widget-wrap elementor-element-populated\">\n\t\t\t\t\t\t<div class=\"elementor-element elementor-element-fd759e0 elementor-widget elementor-widget-theme-site-logo elementor-widget-image\" data-id=\"fd759e0\" data-element_type=\"widget\" data-e-type=\"widget\" data-widget_type=\"theme-site-logo.default\">\n\t\t\t\t<div class=\"elementor-widget-container\">\n\t\t\t\t\t\t\t\t\t\t\t<a href=\"https:\/\/4winds.org.uk\/es\">\n\t\t\t<img fetchpriority=\"high\" decoding=\"async\" width=\"1000\" height=\"334\" src=\"https:\/\/4winds.org.uk\/wp-content\/uploads\/2021\/03\/cropped-4Winds_logo_with-tag-line-2-150x50.png\" class=\"attachment-full size-full wp-image-2033\" alt=\"\" srcset=\"https:\/\/4winds.org.uk\/wp-content\/uploads\/2021\/03\/cropped-4Winds_logo_with-tag-line-2.png 1000w, https:\/\/4winds.org.uk\/wp-content\/uploads\/2021\/03\/cropped-4Winds_logo_with-tag-line-2-300x100.png 300w, https:\/\/4winds.org.uk\/wp-content\/uploads\/2021\/03\/cropped-4Winds_logo_with-tag-line-2-768x257.png 768w, https:\/\/4winds.org.uk\/wp-content\/uploads\/2021\/03\/cropped-4Winds_logo_with-tag-line-2-16x5.png 16w, https:\/\/4winds.org.uk\/wp-content\/uploads\/2021\/03\/cropped-4Winds_logo_with-tag-line-2-150x50.png 150w\" sizes=\"(max-width: 1000px) 100vw, 1000px\" \/>\t\t\t\t<\/a>\n\t\t\t\t\t\t\t\t\t\t\t<\/div>\n\t\t\t\t<\/div>\n\t\t\t\t<div class=\"elementor-element elementor-element-e98b00a elementor-widget elementor-widget-spacer\" data-id=\"e98b00a\" data-element_type=\"widget\" data-e-type=\"widget\" data-widget_type=\"spacer.default\">\n\t\t\t\t<div class=\"elementor-widget-container\">\n\t\t\t\t\t\t\t<div class=\"elementor-spacer\">\n\t\t\t<div class=\"elementor-spacer-inner\"><\/div>\n\t\t<\/div>\n\t\t\t\t\t\t<\/div>\n\t\t\t\t<\/div>\n\t\t\t\t<div class=\"elementor-element elementor-element-64e886e elementor-widget elementor-widget-heading\" data-id=\"64e886e\" data-element_type=\"widget\" data-e-type=\"widget\" data-widget_type=\"heading.default\">\n\t\t\t\t<div class=\"elementor-widget-container\">\n\t\t\t\t\t<h2 class=\"elementor-heading-title elementor-size-default\">Realimentaci\u00f3n<\/h2>\t\t\t\t<\/div>\n\t\t\t\t<\/div>\n\t\t\t\t\t<\/div>\n\t\t<\/div>\n\t\t\t\t\t<\/div>\n\t\t<\/section>\n\t\t\t\t\t<\/div>\n\t\t<\/div>\n\t\t\t\t\t<\/div>\n\t\t<\/section>\n\t\t\t\t<section data-particle_enable=\"false\" data-particle-mobile-disabled=\"false\" class=\"elementor-section elementor-top-section elementor-element elementor-element-8b92643 elementor-section-boxed elementor-section-height-default elementor-section-height-default\" data-id=\"8b92643\" data-element_type=\"section\" data-e-type=\"section\">\n\t\t\t\t\t\t<div class=\"elementor-container elementor-column-gap-default\">\n\t\t\t\t\t<div class=\"elementor-column elementor-col-100 elementor-top-column elementor-element elementor-element-27d4792\" data-id=\"27d4792\" data-element_type=\"column\" data-e-type=\"column\">\n\t\t\t<div class=\"elementor-widget-wrap elementor-element-populated\">\n\t\t\t\t\t\t<section data-particle_enable=\"false\" data-particle-mobile-disabled=\"false\" class=\"elementor-section elementor-inner-section elementor-element elementor-element-0ae3f74 elementor-section-boxed elementor-section-height-default elementor-section-height-default\" data-id=\"0ae3f74\" data-element_type=\"section\" data-e-type=\"section\">\n\t\t\t\t\t\t<div class=\"elementor-container elementor-column-gap-default\">\n\t\t\t\t\t<div class=\"elementor-column elementor-col-50 elementor-inner-column elementor-element elementor-element-a00c571\" data-id=\"a00c571\" data-element_type=\"column\" data-e-type=\"column\">\n\t\t\t<div class=\"elementor-widget-wrap elementor-element-populated\">\n\t\t\t\t\t\t<div class=\"elementor-element elementor-element-9181377 elementor-blockquote--skin-quotation elementor-blockquote--align-left elementor-widget elementor-widget-blockquote\" data-id=\"9181377\" data-element_type=\"widget\" data-e-type=\"widget\" data-widget_type=\"blockquote.default\">\n\t\t\t\t<div class=\"elementor-widget-container\">\n\t\t\t\t\t\t\t<blockquote class=\"elementor-blockquote\">\n\t\t\t<p class=\"elementor-blockquote__content\">\n\t\t\t\tLlegu\u00e9 a 4Winds desesperado; Me encontraba muy mal. El personal de 4Winds fue incre\u00edble. Nos escucharon a m\u00ed ya mi madre y nos brindaron un rayo de esperanza en un momento incierto. El personal y otros miembros me trataron como a un ser humano, no como una enfermedad del caminar, a pesar de estar muy enfermo. Siento que 4Winds es un servicio vital para los usuarios de servicios de salud mental en Cardiff y ofrece un ambiente muy positivo.\t\t\t<\/p>\n\t\t\t\t\t<\/blockquote>\n\t\t\t\t\t\t<\/div>\n\t\t\t\t<\/div>\n\t\t\t\t\t<\/div>\n\t\t<\/div>\n\t\t\t\t<div class=\"elementor-column elementor-col-50 elementor-inner-column elementor-element elementor-element-8c8e0e4\" data-id=\"8c8e0e4\" data-element_type=\"column\" data-e-type=\"column\">\n\t\t\t<div class=\"elementor-widget-wrap elementor-element-populated\">\n\t\t\t\t\t\t<div class=\"elementor-element elementor-element-0a162b8 elementor-blockquote--skin-quotation elementor-blockquote--align-left elementor-widget elementor-widget-blockquote\" data-id=\"0a162b8\" data-element_type=\"widget\" data-e-type=\"widget\" data-widget_type=\"blockquote.default\">\n\t\t\t\t<div class=\"elementor-widget-container\">\n\t\t\t\t\t\t\t<blockquote class=\"elementor-blockquote\">\n\t\t\t<p class=\"elementor-blockquote__content\">\n\t\t\t\tSoy una de las muchas personas a las que el equipo ha apoyado y alentado. 4Winds significa mucho para muchas personas diferentes que conozco, ya sea como una base estable desde la cual relacionarse con otras personas en un entorno de apoyo seguro, o si es para recuperarse y seguir adelante, con oportunidades de capacitaci\u00f3n y voluntariado. Veo al equipo trabajando duro para mantener un servicio atento y muy f\u00e1cil de usar.\t\t\t<\/p>\n\t\t\t\t\t<\/blockquote>\n\t\t\t\t\t\t<\/div>\n\t\t\t\t<\/div>\n\t\t\t\t\t<\/div>\n\t\t<\/div>\n\t\t\t\t\t<\/div>\n\t\t<\/section>\n\t\t\t\t<section data-particle_enable=\"false\" data-particle-mobile-disabled=\"false\" class=\"elementor-section elementor-inner-section elementor-element elementor-element-e59f6d3 elementor-section-boxed elementor-section-height-default elementor-section-height-default\" data-id=\"e59f6d3\" data-element_type=\"section\" data-e-type=\"section\">\n\t\t\t\t\t\t<div class=\"elementor-container elementor-column-gap-default\">\n\t\t\t\t\t<div class=\"elementor-column elementor-col-50 elementor-inner-column elementor-element elementor-element-091f6ea\" data-id=\"091f6ea\" data-element_type=\"column\" data-e-type=\"column\">\n\t\t\t<div class=\"elementor-widget-wrap elementor-element-populated\">\n\t\t\t\t\t\t<div class=\"elementor-element elementor-element-d96047e elementor-blockquote--skin-quotation elementor-blockquote--align-left elementor-widget elementor-widget-blockquote\" data-id=\"d96047e\" data-element_type=\"widget\" data-e-type=\"widget\" data-widget_type=\"blockquote.default\">\n\t\t\t\t<div class=\"elementor-widget-container\">\n\t\t\t\t\t\t\t<blockquote class=\"elementor-blockquote\">\n\t\t\t<p class=\"elementor-blockquote__content\">\n\t\t\t\tPrimero conoc\u00ed 4Winds a trav\u00e9s de mi terapeuta ocupacional. Al principio no pens\u00e9 que necesitaba una organizaci\u00f3n as\u00ed. Sin embargo, pronto se convirti\u00f3 en mi roca y me ha ayudado a superar algunos momentos dif\u00edciles, viviendo con depresi\u00f3n, ansiedad y un trastorno alimentario. Cada miembro del personal es accesible y todos parecen saber cuando algo no est\u00e1 bien con alguien. Son capaces de captar cosas que otros lugares a los que me han referido simplemente no lo hacen. 4Winds un ambiente agradable y un suave est\u00edmulo son cruciales para el lugar. 4Winds tambi\u00e9n me apoy\u00f3 en el aspecto financiero de mi vida. Simplemente ten\u00eda demasiado miedo de intentar reclamar PIP creyendo que terminar\u00eda sin nada. Gracias al apoyo de 4Winds, me concedieron el PIP, que ha ayudado a hacer mi vida m\u00e1s soportable. 4Winds es \u00fanico y hace que cada individuo se sienta parte de algo.\t\t\t<\/p>\n\t\t\t\t\t<\/blockquote>\n\t\t\t\t\t\t<\/div>\n\t\t\t\t<\/div>\n\t\t\t\t\t<\/div>\n\t\t<\/div>\n\t\t\t\t<div class=\"elementor-column elementor-col-50 elementor-inner-column elementor-element elementor-element-4387884\" data-id=\"4387884\" data-element_type=\"column\" data-e-type=\"column\">\n\t\t\t<div class=\"elementor-widget-wrap elementor-element-populated\">\n\t\t\t\t\t\t<div class=\"elementor-element elementor-element-6f30c90 elementor-blockquote--skin-quotation elementor-blockquote--align-left elementor-widget elementor-widget-blockquote\" data-id=\"6f30c90\" data-element_type=\"widget\" data-e-type=\"widget\" data-widget_type=\"blockquote.default\">\n\t\t\t\t<div class=\"elementor-widget-container\">\n\t\t\t\t\t\t\t<blockquote class=\"elementor-blockquote\">\n\t\t\t<p class=\"elementor-blockquote__content\">\n\t\t\t\tUna de las cosas que encuentro \u00fatil sobre 4Winds es que el personal lo trata como una persona completa y est\u00e1 dispuesto a tomarse el tiempo para analizar cualquier dificultad o problema que est\u00e9 causando problemas que hacen que su salud mental sea m\u00e1s dif\u00edcil de manejar. Un problema importante para m\u00ed fue la gesti\u00f3n de la deuda y el dinero. Realmente estaba luchando con los beneficios m\u00ednimos. Durante un per\u00edodo, el personal me ayud\u00f3 a resolver estos problemas. Me remitieron a un asesor de beneficios especializado y un trabajador de 4Winds dedic\u00f3 un tiempo considerable a ayudarme a obtener toda la evidencia que necesitaba de los profesionales de la salud. Esto result\u00f3 en que obtuve el Pago por Independencia Personal, lo que ha marcado una gran diferencia en mi nivel de vida y en mis habilidades de afrontamiento diarias. Tambi\u00e9n a trav\u00e9s de 4Winds me presentaron a Cardiff Credit Union y me convert\u00ed en miembro, lo que hace que sea mucho m\u00e1s f\u00e1cil administrar mi dinero y ahorrar. Mi contacto con la Cooperativa de Cr\u00e9dito ha sido muy positivo y han ofrecido una gran oportunidad para el trabajo voluntario semanal.\t\t\t<\/p>\n\t\t\t\t\t<\/blockquote>\n\t\t\t\t\t\t<\/div>\n\t\t\t\t<\/div>\n\t\t\t\t\t<\/div>\n\t\t<\/div>\n\t\t\t\t\t<\/div>\n\t\t<\/section>\n\t\t\t\t<section data-particle_enable=\"false\" data-particle-mobile-disabled=\"false\" class=\"elementor-section elementor-inner-section elementor-element elementor-element-d9de5b7 elementor-section-boxed elementor-section-height-default elementor-section-height-default\" data-id=\"d9de5b7\" data-element_type=\"section\" data-e-type=\"section\">\n\t\t\t\t\t\t<div class=\"elementor-container elementor-column-gap-default\">\n\t\t\t\t\t<div class=\"elementor-column elementor-col-50 elementor-inner-column elementor-element elementor-element-be3f73e\" data-id=\"be3f73e\" data-element_type=\"column\" data-e-type=\"column\">\n\t\t\t<div class=\"elementor-widget-wrap elementor-element-populated\">\n\t\t\t\t\t\t<div class=\"elementor-element elementor-element-c611274 elementor-blockquote--skin-quotation elementor-blockquote--align-left elementor-widget elementor-widget-blockquote\" data-id=\"c611274\" data-element_type=\"widget\" data-e-type=\"widget\" data-widget_type=\"blockquote.default\">\n\t\t\t\t<div class=\"elementor-widget-container\">\n\t\t\t\t\t\t\t<blockquote class=\"elementor-blockquote\">\n\t\t\t<p class=\"elementor-blockquote__content\">\n\t\t\t\t4Winds me ha ayudado a desarrollar la confianza suficiente para tomar el control de mi vida y ver que mi salud mental no tiene por qu\u00e9 limitar lo que hago. Espero con ansias el futuro e incluso pienso que podr\u00eda conseguir un trabajo en el futuro. Sin el apoyo de 4Winds, dudo mucho que hubiera realizado estos cambios \u201d.\t\t\t<\/p>\n\t\t\t\t\t<\/blockquote>\n\t\t\t\t\t\t<\/div>\n\t\t\t\t<\/div>\n\t\t\t\t\t<\/div>\n\t\t<\/div>\n\t\t\t\t<div class=\"elementor-column elementor-col-50 elementor-inner-column elementor-element elementor-element-a513afb\" data-id=\"a513afb\" data-element_type=\"column\" data-e-type=\"column\">\n\t\t\t<div class=\"elementor-widget-wrap elementor-element-populated\">\n\t\t\t\t\t\t<div class=\"elementor-element elementor-element-988d63f elementor-blockquote--skin-quotation elementor-blockquote--align-left elementor-widget elementor-widget-blockquote\" data-id=\"988d63f\" data-element_type=\"widget\" data-e-type=\"widget\" data-widget_type=\"blockquote.default\">\n\t\t\t\t<div class=\"elementor-widget-container\">\n\t\t\t\t\t\t\t<blockquote class=\"elementor-blockquote\">\n\t\t\t<p class=\"elementor-blockquote__content\">\n\t\t\t\t4Winds me ha ayudado de muchas maneras. Me encontraba muy mal cuando comenc\u00e9 a venir al centro y ten\u00eda un historial de largas estancias en el hospital, incluido el antiguo Hospital Whitchurch. Desde que tuve el apoyo de 4Winds durante los \u00faltimos a\u00f1os, con el personal y los amigos que me cuidaron, no he necesitado ning\u00fan ingreso hospitalario.\t\t\t<\/p>\n\t\t\t\t\t<\/blockquote>\n\t\t\t\t\t\t<\/div>\n\t\t\t\t<\/div>\n\t\t\t\t\t<\/div>\n\t\t<\/div>\n\t\t\t\t\t<\/div>\n\t\t<\/section>\n\t\t\t\t<section data-particle_enable=\"false\" data-particle-mobile-disabled=\"false\" class=\"elementor-section elementor-inner-section elementor-element elementor-element-981cee3 elementor-section-boxed elementor-section-height-default elementor-section-height-default\" data-id=\"981cee3\" data-element_type=\"section\" data-e-type=\"section\">\n\t\t\t\t\t\t<div class=\"elementor-container elementor-column-gap-default\">\n\t\t\t\t\t<div class=\"elementor-column elementor-col-100 elementor-inner-column elementor-element elementor-element-660921c\" data-id=\"660921c\" data-element_type=\"column\" data-e-type=\"column\">\n\t\t\t<div class=\"elementor-widget-wrap elementor-element-populated\">\n\t\t\t\t\t\t<div class=\"elementor-element elementor-element-76cced1 elementor-blockquote--skin-quotation elementor-blockquote--align-left elementor-widget elementor-widget-blockquote\" data-id=\"76cced1\" data-element_type=\"widget\" data-e-type=\"widget\" data-widget_type=\"blockquote.default\">\n\t\t\t\t<div class=\"elementor-widget-container\">\n\t\t\t\t\t\t\t<blockquote class=\"elementor-blockquote\">\n\t\t\t<p class=\"elementor-blockquote__content\">\n\t\t\t\tHe estado recibiendo apoyo de 4Winds durante casi 2 a\u00f1os, obteniendo apoyo en mis dificultades, principalmente apoyo emocional y papeleo que realmente no pod\u00eda manejar. Soy una madre soltera con cinco hijos peque\u00f1os y lucho para hablar ingl\u00e9s, por lo que me resulta dif\u00edcil expresarme y ser entendida. Me sent\u00ed muy estresado y aislado. Un trabajador de 4Winds ha podido hablarme en mi lengua materna, lo que me ha ayudado mucho a expresar mis sentimientos. Con el apoyo de 4Winds me he comprometido con otros proyectos y estoy asistiendo a clases de ESOL que poco a poco est\u00e1n construyendo mi confianza para hablar ingl\u00e9s. Estoy realmente agradecido por el apoyo que me han brindado y poco a poco estoy reconstruyendo mi vida de nuevo.\t\t\t<\/p>\n\t\t\t\t\t<\/blockquote>\n\t\t\t\t\t\t<\/div>\n\t\t\t\t<\/div>\n\t\t\t\t\t<\/div>\n\t\t<\/div>\n\t\t\t\t\t<\/div>\n\t\t<\/section>\n\t\t\t\t\t<\/div>\n\t\t<\/div>\n\t\t\t\t\t<\/div>\n\t\t<\/section>\n\t\t\t\t<section data-particle_enable=\"false\" data-particle-mobile-disabled=\"false\" class=\"elementor-section elementor-top-section elementor-element elementor-element-463145f elementor-section-boxed elementor-section-height-default elementor-section-height-default\" data-id=\"463145f\" data-element_type=\"section\" data-e-type=\"section\">\n\t\t\t\t\t\t<div class=\"elementor-container elementor-column-gap-default\">\n\t\t\t\t\t<div class=\"elementor-column elementor-col-100 elementor-top-column elementor-element elementor-element-37d8ace\" data-id=\"37d8ace\" data-element_type=\"column\" data-e-type=\"column\">\n\t\t\t<div class=\"elementor-widget-wrap elementor-element-populated\">\n\t\t\t\t\t\t<div class=\"elementor-element elementor-element-fe96291 elementor-align-center elementor-widget elementor-widget-button\" data-id=\"fe96291\" data-element_type=\"widget\" data-e-type=\"widget\" data-widget_type=\"button.default\">\n\t\t\t\t<div class=\"elementor-widget-container\">\n\t\t\t\t\t\t\t\t\t<div class=\"elementor-button-wrapper\">\n\t\t\t\t\t<a class=\"elementor-button elementor-button-link elementor-size-sm\" href=\"mailto:feedback@4winds.org.uk\">\n\t\t\t\t\t\t<span class=\"elementor-button-content-wrapper\">\n\t\t\t\t\t\t\t\t\t<span class=\"elementor-button-text\">Deja un comentario<\/span>\n\t\t\t\t\t<\/span>\n\t\t\t\t\t<\/a>\n\t\t\t\t<\/div>\n\t\t\t\t\t\t\t\t<\/div>\n\t\t\t\t<\/div>\n\t\t\t\t\t<\/div>\n\t\t<\/div>\n\t\t\t\t\t<\/div>\n\t\t<\/section>\n\t\t\t\t<\/div>","protected":false},"excerpt":{"rendered":"<p>Feedback Feedback I came to 4Winds in desperation; I was very unwell. The\u00a0staff at 4Winds were\u00a0amazing.\u00a0 They listened to me and my mother and provided us with a ray of hope in an uncertain time.\u00a0I was treated like a human being by the staff and other members, not like a walking illness, despite being very [&hellip;]<\/p>\n","protected":false},"author":1,"featured_media":0,"parent":0,"menu_order":0,"comment_status":"closed","ping_status":"closed","template":"","meta":{"site-sidebar-layout":"no-sidebar","site-content-layout":"page-builder","ast-site-content-layout":"default","site-content-style":"default","site-sidebar-style":"default","ast-global-header-display":"","ast-banner-title-visibility":"","ast-main-header-display":"","ast-hfb-above-header-display":"","ast-hfb-below-header-display":"","ast-hfb-mobile-header-display":"","site-post-title":"disabled","ast-breadcrumbs-content":"","ast-featured-img":"disabled","footer-sml-layout":"","theme-transparent-header-meta":"default","adv-header-id-meta":"","stick-header-meta":"","header-above-stick-meta":"","header-main-stick-meta":"","header-below-stick-meta":"","astra-migrate-meta-layouts":"default","ast-page-background-enabled":"default","ast-page-background-meta":{"desktop":{"background-color":"","background-image":"","background-repeat":"repeat","background-position":"center center","background-size":"auto","background-attachment":"scroll","background-type":"","background-media":"","overlay-type":"","overlay-color":"","overlay-opacity":"","overlay-gradient":""},"tablet":{"background-color":"","background-image":"","background-repeat":"repeat","background-position":"center center","background-size":"auto","background-attachment":"scroll","background-type":"","background-media":"","overlay-type":"","overlay-color":"","overlay-opacity":"","overlay-gradient":""},"mobile":{"background-color":"","background-image":"","background-repeat":"repeat","background-position":"center center","background-size":"auto","background-attachment":"scroll","background-type":"","background-media":"","overlay-type":"","overlay-color":"","overlay-opacity":"","overlay-gradient":""}},"ast-content-background-meta":{"desktop":{"background-color":"var(--ast-global-color-5)","background-image":"","background-repeat":"repeat","background-position":"center center","background-size":"auto","background-attachment":"scroll","background-type":"","background-media":"","overlay-type":"","overlay-color":"","overlay-opacity":"","overlay-gradient":""},"tablet":{"background-color":"var(--ast-global-color-5)","background-image":"","background-repeat":"repeat","background-position":"center center","background-size":"auto","background-attachment":"scroll","background-type":"","background-media":"","overlay-type":"","overlay-color":"","overlay-opacity":"","overlay-gradient":""},"mobile":{"background-color":"var(--ast-global-color-5)","background-image":"","background-repeat":"repeat","background-position":"center center","background-size":"auto","background-attachment":"scroll","background-type":"","background-media":"","overlay-type":"","overlay-color":"","overlay-opacity":"","overlay-gradient":""}},"footnotes":""},"class_list":["post-341","page","type-page","status-publish","hentry"],"_links":{"self":[{"href":"https:\/\/4winds.org.uk\/es\/wp-json\/wp\/v2\/pages\/341","targetHints":{"allow":["GET"]}}],"collection":[{"href":"https:\/\/4winds.org.uk\/es\/wp-json\/wp\/v2\/pages"}],"about":[{"href":"https:\/\/4winds.org.uk\/es\/wp-json\/wp\/v2\/types\/page"}],"author":[{"embeddable":true,"href":"https:\/\/4winds.org.uk\/es\/wp-json\/wp\/v2\/users\/1"}],"replies":[{"embeddable":true,"href":"https:\/\/4winds.org.uk\/es\/wp-json\/wp\/v2\/comments?post=341"}],"version-history":[{"count":89,"href":"https:\/\/4winds.org.uk\/es\/wp-json\/wp\/v2\/pages\/341\/revisions"}],"predecessor-version":[{"id":7707,"href":"https:\/\/4winds.org.uk\/es\/wp-json\/wp\/v2\/pages\/341\/revisions\/7707"}],"wp:attachment":[{"href":"https:\/\/4winds.org.uk\/es\/wp-json\/wp\/v2\/media?parent=341"}],"curies":[{"name":"wp","href":"https:\/\/api.w.org\/{rel}","templated":true}]}}