{"id":3,"date":"2020-11-29T18:14:40","date_gmt":"2020-11-29T18:14:40","guid":{"rendered":"http:\/\/www.4winds-demo.com\/?page_id=3"},"modified":"2021-04-13T14:37:19","modified_gmt":"2021-04-13T10:37:19","slug":"privacy-policy","status":"publish","type":"page","link":"https:\/\/4winds.org.uk\/fr\/privacy-policy\/","title":{"rendered":"Politique de confidentialit\u00e9"},"content":{"rendered":"<div data-elementor-type=\"wp-page\" data-elementor-id=\"3\" class=\"elementor elementor-3\" data-elementor-post-type=\"page\">\n\t\t\t\t\t\t<section data-particle_enable=\"false\" data-particle-mobile-disabled=\"false\" class=\"elementor-section elementor-top-section elementor-element elementor-element-50df335e elementor-section-boxed elementor-section-height-default elementor-section-height-default\" data-id=\"50df335e\" data-element_type=\"section\" data-e-type=\"section\">\n\t\t\t\t\t\t<div class=\"elementor-container elementor-column-gap-default\">\n\t\t\t\t\t<div class=\"elementor-column elementor-col-100 elementor-top-column elementor-element elementor-element-5e31d03d\" data-id=\"5e31d03d\" data-element_type=\"column\" data-e-type=\"column\">\n\t\t\t<div class=\"elementor-widget-wrap elementor-element-populated\">\n\t\t\t\t\t\t<div class=\"elementor-element elementor-element-27077a92 elementor-widget elementor-widget-text-editor\" data-id=\"27077a92\" data-element_type=\"widget\" data-e-type=\"widget\" data-widget_type=\"text-editor.default\">\n\t\t\t\t<div class=\"elementor-widget-container\">\n\t\t\t\t\t\t\t\t\t<p><strong>Qui nous sommes<\/strong><\/p>\n<p>4Winds est un organisme de bienfaisance ind\u00e9pendant en sant\u00e9 mentale <strong>Service de ressources en sant\u00e9 mentale <\/strong>pour am\u00e9liorer la sant\u00e9 mentale et le bien-\u00eatre \u00e0 Cardiff et dans la vall\u00e9e de Glamorgan.<\/p>\n<p><strong>4Winds est le contr\u00f4leur des donn\u00e9es<\/strong><\/p>\n<p><strong>commentaires<\/strong><\/p>\n<p><strong>Objectif de la politique de confidentialit\u00e9: <\/strong>Cet avis de confidentialit\u00e9 couvre toutes les donn\u00e9es personnelles collect\u00e9es par 4Winds. Notre politique de confidentialit\u00e9 explique comment 4Winds utilise les donn\u00e9es personnelles.<\/p>\n<p>4Winds s&#039;engage \u00e0 respecter votre vie priv\u00e9e et \u00e0 prot\u00e9ger vos donn\u00e9es personnelles.<\/p>\n<p><strong>\u00a0<\/strong><strong>Pourquoi 4Winds collecte des donn\u00e9es: <\/strong>Conform\u00e9ment aux statuts, buts et objectifs de 4Winds, 4Winds collecte des donn\u00e9es personnelles pour:<\/p>\n<ul>\n<li>Partager des informations pertinentes pour nos membres et les organisations avec lesquelles nous travaillons<\/li>\n<li>Gardez une trace des membres de 4Winds<\/li>\n<li>Tenez un registre des travaux de soutien sp\u00e9cifiques avec les individus<\/li>\n<li>R\u00e9pondre aux demandes d&#039;informations<\/li>\n<li>Surveiller et \u00e9valuer son service<\/li>\n<li>Recruter et employer du personnel<\/li>\n<li>Tenir des registres des contrats, des fournisseurs et des organisations<\/li>\n<li>Tenez un registre des services ou produits achet\u00e9s par 4Winds<\/li>\n<\/ul>\n<p><strong>Comment 4Winds collecte les donn\u00e9es<\/strong>: Les informations personnelles que nous collectons ont pour la plupart \u00e9t\u00e9 re\u00e7ues directement de vous, via des formulaires d&#039;adh\u00e9sion et d&#039;autres formulaires d&#039;inscription (par exemple lors d&#039;\u00e9v\u00e9nements ou de r\u00e9unions), par t\u00e9l\u00e9phone ou par e-mail et par le biais de candidatures.<\/p>\n<p><strong>Quelles donn\u00e9es sont collect\u00e9es et o\u00f9 elles sont stock\u00e9es: <\/strong>4Winds recueille des donn\u00e9es pertinentes pour la fourniture continue de services (voir ci-dessus) et les stocke dans une base de donn\u00e9es qui est crypt\u00e9e et uniquement accessible au personnel de 4Winds.<\/p>\n<p>Les adresses e-mail peuvent \u00e9galement \u00eatre stock\u00e9es dans des carnets d&#039;adresses e-mail. Tous les comptes de messagerie ont un mot de passe s\u00e9curis\u00e9 et tous les PC de 4Wind sont \u00e9galement prot\u00e9g\u00e9s par mot de passe et verrouill\u00e9s lorsqu&#039;ils ne sont pas utilis\u00e9s.<\/p>\n<ul>\n<li>Pour les e-mails, le nom et l&#039;adresse e-mail sont stock\u00e9s dans des carnets d&#039;adresses e-mail. Si nous avons d&#039;autres coordonn\u00e9es enregistr\u00e9es, elles seront stock\u00e9es dans la base de donn\u00e9es 4Winds.<\/li>\n<li>Pour les envois papier, le nom et l&#039;adresse sont stock\u00e9s dans la base de donn\u00e9es 4Winds, et \u00e9ventuellement, le t\u00e9l\u00e9phone et l&#039;adresse e-mail.<\/li>\n<li>Si vous postulez pour un emploi chez nous, nous collecterons des informations sur vos ant\u00e9c\u00e9dents professionnels, vos qualifications et vos r\u00e9f\u00e9rences.<\/li>\n<li>Si vous travaillez ou faites du b\u00e9n\u00e9volat pour nous, nous collecterons et utiliserons des informations personnelles suppl\u00e9mentaires telles que des d\u00e9tails financiers.<\/li>\n<li>Si vous remplissez des questionnaires, des sondages ou des formulaires de commentaires, nous collecterons vos exp\u00e9riences, vos opinions et toute information que vous \u00eates heureux de partager avec nous.<\/li>\n<li>\u00c0 des fins de surveillance, nous pouvons demander des informations sur les caract\u00e9ristiques des \u00e9galit\u00e9s, cela est anonyme.<br \/>Des informations financi\u00e8res peuvent \u00e9galement \u00eatre collect\u00e9es et stock\u00e9es en toute s\u00e9curit\u00e9.<\/li>\n<\/ul>\n<p><strong>Partage de donn\u00e9es: <\/strong>Les donn\u00e9es personnelles ne seront partag\u00e9es avec personne en dehors de 4Winds sans consentement. La seule exception est que si nous estimons que votre s\u00e9curit\u00e9 ou celle de quelqu&#039;un d&#039;autre est en danger, nous pouvons appeler les services d&#039;urgence. Les listes de distribution d&#039;e-mails ne seront pas affich\u00e9es dans les e-mails \/ informations marketing envoy\u00e9s par 4Winds.<\/p>\n<p><strong>D\u00e9sactivation et modification des donn\u00e9es: <\/strong>Tout utilisateur de la base de donn\u00e9es 4Winds peut se d\u00e9sinscrire \u00e0 tout moment sur demande. Les demandes peuvent \u00eatre faites \u00e0 tout membre du personnel, par \u00e9crit \u00e0 4Winds, 65 Clare Road, Grangetown, Cardiff CF11 6QP, en appelant le 029 20388144 ou par courriel <u>contact@4winds.org.uk<\/u><\/p>\n<p>Si vos donn\u00e9es personnelles changent, veuillez nous contacter par les m\u00e9thodes d\u00e9crites ci-dessus.<\/p>\n<p><strong>Acc\u00e9der aux donn\u00e9es que nous d\u00e9tenons: <\/strong>Vous pouvez demander l&#039;acc\u00e8s aux informations que vous avez fournies \u00e0 tout moment en nous contactant par les m\u00e9thodes d\u00e9crites ci-dessus sous &#039;<em>D\u00e9sactivation et modification des donn\u00e9es<\/em>\u00bb.<\/p>\n<p>Pour obtenir des conseils ind\u00e9pendants sur les questions de protection des donn\u00e9es, de confidentialit\u00e9 et de partage de donn\u00e9es, ou si vous n&#039;\u00eates jamais satisfait de la fa\u00e7on dont nous avons trait\u00e9 vos donn\u00e9es personnelles, vous pouvez appeler le Bureau du commissaire \u00e0 l&#039;information (ICO) \u00e0:<\/p>\n<p><strong>Coordonn\u00e9es de l&#039;ICO Pays de Galles:<\/strong><\/p>\n<p>Bureau du commissaire \u00e0 l&#039;information - Pays de Galles<br \/>2\u00e8me \u00e9tage<br \/>Maison Churchill<br \/>Churchill Way<br \/>Cardiff<br \/>CF10 2HH<br \/><br \/>T\u00e9l\u00e9phone: 029 2067 8400<br \/>T\u00e9l\u00e9copieur: 029 2067 8399<br \/>Courriel: wales@ico.org.uk<br \/><br \/><strong>D\u00e9tails du si\u00e8ge social de l&#039;ICO:<\/strong><\/p>\n<p>Bureau du commissaire \u00e0 l&#039;information<br \/>Maison Wycliffe<br \/>Voie d&#039;eau<br \/>Wilmslow<br \/>Cheshire<br \/>SK9 5AF<br \/><br \/>T\u00e9l\u00e9phone: 0303123 1113 ou 01625 545745<br \/>T\u00e9l\u00e9copieur: 01625 524510<\/p>\n<p>Adopt\u00e9: mai 2018<\/p>\n<p>\u00a0<\/p>\t\t\t\t\t\t\t\t<\/div>\n\t\t\t\t<\/div>\n\t\t\t\t\t<\/div>\n\t\t<\/div>\n\t\t\t\t\t<\/div>\n\t\t<\/section>\n\t\t\t\t<\/div>","protected":false},"excerpt":{"rendered":"<p>Who we are 4Winds is an independent mental health charity providing a Mental Health Resource Service to improve mental health and well being in Cardiff and the Vale of Glamorgan. 4Winds is the Data Controller Comments Purpose of the Privacy Policy: This privacy notice covers all personal data that is gathered by 4Winds. Our privacy [&hellip;]<\/p>\n","protected":false},"author":1,"featured_media":0,"parent":0,"menu_order":0,"comment_status":"closed","ping_status":"open","template":"","meta":{"site-sidebar-layout":"default","site-content-layout":"","ast-site-content-layout":"default","site-content-style":"default","site-sidebar-style":"default","ast-global-header-display":"","ast-banner-title-visibility":"","ast-main-header-display":"","ast-hfb-above-header-display":"","ast-hfb-below-header-display":"","ast-hfb-mobile-header-display":"","site-post-title":"","ast-breadcrumbs-content":"","ast-featured-img":"","footer-sml-layout":"","theme-transparent-header-meta":"","adv-header-id-meta":"","stick-header-meta":"","header-above-stick-meta":"","header-main-stick-meta":"","header-below-stick-meta":"","astra-migrate-meta-layouts":"default","ast-page-background-enabled":"default","ast-page-background-meta":{"desktop":{"background-color":"","background-image":"","background-repeat":"repeat","background-position":"center center","background-size":"auto","background-attachment":"scroll","background-type":"","background-media":"","overlay-type":"","overlay-color":"","overlay-opacity":"","overlay-gradient":""},"tablet":{"background-color":"","background-image":"","background-repeat":"repeat","background-position":"center center","background-size":"auto","background-attachment":"scroll","background-type":"","background-media":"","overlay-type":"","overlay-color":"","overlay-opacity":"","overlay-gradient":""},"mobile":{"background-color":"","background-image":"","background-repeat":"repeat","background-position":"center center","background-size":"auto","background-attachment":"scroll","background-type":"","background-media":"","overlay-type":"","overlay-color":"","overlay-opacity":"","overlay-gradient":""}},"ast-content-background-meta":{"desktop":{"background-color":"var(--ast-global-color-5)","background-image":"","background-repeat":"repeat","background-position":"center center","background-size":"auto","background-attachment":"scroll","background-type":"","background-media":"","overlay-type":"","overlay-color":"","overlay-opacity":"","overlay-gradient":""},"tablet":{"background-color":"var(--ast-global-color-5)","background-image":"","background-repeat":"repeat","background-position":"center center","background-size":"auto","background-attachment":"scroll","background-type":"","background-media":"","overlay-type":"","overlay-color":"","overlay-opacity":"","overlay-gradient":""},"mobile":{"background-color":"var(--ast-global-color-5)","background-image":"","background-repeat":"repeat","background-position":"center center","background-size":"auto","background-attachment":"scroll","background-type":"","background-media":"","overlay-type":"","overlay-color":"","overlay-opacity":"","overlay-gradient":""}},"footnotes":""},"class_list":["post-3","page","type-page","status-publish","hentry"],"_links":{"self":[{"href":"https:\/\/4winds.org.uk\/fr\/wp-json\/wp\/v2\/pages\/3","targetHints":{"allow":["GET"]}}],"collection":[{"href":"https:\/\/4winds.org.uk\/fr\/wp-json\/wp\/v2\/pages"}],"about":[{"href":"https:\/\/4winds.org.uk\/fr\/wp-json\/wp\/v2\/types\/page"}],"author":[{"embeddable":true,"href":"https:\/\/4winds.org.uk\/fr\/wp-json\/wp\/v2\/users\/1"}],"replies":[{"embeddable":true,"href":"https:\/\/4winds.org.uk\/fr\/wp-json\/wp\/v2\/comments?post=3"}],"version-history":[{"count":4,"href":"https:\/\/4winds.org.uk\/fr\/wp-json\/wp\/v2\/pages\/3\/revisions"}],"predecessor-version":[{"id":4849,"href":"https:\/\/4winds.org.uk\/fr\/wp-json\/wp\/v2\/pages\/3\/revisions\/4849"}],"wp:attachment":[{"href":"https:\/\/4winds.org.uk\/fr\/wp-json\/wp\/v2\/media?parent=3"}],"curies":[{"name":"wp","href":"https:\/\/api.w.org\/{rel}","templated":true}]}}