{"id":3785,"date":"2021-04-11T11:46:23","date_gmt":"2021-04-11T07:46:23","guid":{"rendered":"http:\/\/www.4winds-demo.com\/?page_id=3785"},"modified":"2024-12-24T05:23:29","modified_gmt":"2024-12-24T05:23:29","slug":"information-signposting-and-social-prescribing","status":"publish","type":"page","link":"https:\/\/4winds.org.uk\/fr\/information-signposting-and-social-prescribing\/","title":{"rendered":"Signalisation d&#039;information et prescription sociale"},"content":{"rendered":"<div data-elementor-type=\"wp-page\" data-elementor-id=\"3785\" class=\"elementor elementor-3785\" data-elementor-post-type=\"page\">\n\t\t\t\t\t\t<section data-particle_enable=\"false\" data-particle-mobile-disabled=\"false\" class=\"elementor-section elementor-top-section elementor-element elementor-element-a11bc7a elementor-hidden-mobile elementor-section-boxed elementor-section-height-default elementor-section-height-default\" data-id=\"a11bc7a\" data-element_type=\"section\" data-e-type=\"section\" data-settings=\"{&quot;background_background&quot;:&quot;classic&quot;}\">\n\t\t\t\t\t\t<div class=\"elementor-container elementor-column-gap-default\">\n\t\t\t\t\t<div class=\"elementor-column elementor-col-100 elementor-top-column elementor-element elementor-element-dc73339\" data-id=\"dc73339\" data-element_type=\"column\" data-e-type=\"column\">\n\t\t\t<div class=\"elementor-widget-wrap elementor-element-populated\">\n\t\t\t\t\t\t<section data-particle_enable=\"false\" data-particle-mobile-disabled=\"false\" class=\"elementor-section elementor-inner-section elementor-element elementor-element-eff2392 elementor-section-boxed elementor-section-height-default elementor-section-height-default\" data-id=\"eff2392\" data-element_type=\"section\" data-e-type=\"section\">\n\t\t\t\t\t\t<div class=\"elementor-container elementor-column-gap-default\">\n\t\t\t\t\t<div class=\"elementor-column elementor-col-50 elementor-inner-column elementor-element elementor-element-0c4be27\" data-id=\"0c4be27\" data-element_type=\"column\" data-e-type=\"column\">\n\t\t\t<div class=\"elementor-widget-wrap elementor-element-populated\">\n\t\t\t\t\t\t<div class=\"elementor-element elementor-element-22fbaaa elementor-widget elementor-widget-theme-site-logo elementor-widget-image\" data-id=\"22fbaaa\" data-element_type=\"widget\" data-e-type=\"widget\" data-widget_type=\"theme-site-logo.default\">\n\t\t\t\t<div class=\"elementor-widget-container\">\n\t\t\t\t\t\t\t\t\t\t\t<a href=\"https:\/\/4winds.org.uk\/fr\">\n\t\t\t<img fetchpriority=\"high\" decoding=\"async\" width=\"1000\" height=\"334\" src=\"https:\/\/4winds.org.uk\/wp-content\/uploads\/2021\/03\/cropped-4Winds_logo_with-tag-line-2-150x50.png\" class=\"attachment-full size-full wp-image-2033\" alt=\"\" srcset=\"https:\/\/4winds.org.uk\/wp-content\/uploads\/2021\/03\/cropped-4Winds_logo_with-tag-line-2.png 1000w, https:\/\/4winds.org.uk\/wp-content\/uploads\/2021\/03\/cropped-4Winds_logo_with-tag-line-2-300x100.png 300w, https:\/\/4winds.org.uk\/wp-content\/uploads\/2021\/03\/cropped-4Winds_logo_with-tag-line-2-768x257.png 768w, https:\/\/4winds.org.uk\/wp-content\/uploads\/2021\/03\/cropped-4Winds_logo_with-tag-line-2-16x5.png 16w, https:\/\/4winds.org.uk\/wp-content\/uploads\/2021\/03\/cropped-4Winds_logo_with-tag-line-2-150x50.png 150w\" sizes=\"(max-width: 1000px) 100vw, 1000px\" \/>\t\t\t\t<\/a>\n\t\t\t\t\t\t\t\t\t\t\t<\/div>\n\t\t\t\t<\/div>\n\t\t\t\t<div class=\"elementor-element elementor-element-e700677 elementor-widget elementor-widget-spacer\" data-id=\"e700677\" data-element_type=\"widget\" data-e-type=\"widget\" data-widget_type=\"spacer.default\">\n\t\t\t\t<div class=\"elementor-widget-container\">\n\t\t\t\t\t\t\t<div class=\"elementor-spacer\">\n\t\t\t<div class=\"elementor-spacer-inner\"><\/div>\n\t\t<\/div>\n\t\t\t\t\t\t<\/div>\n\t\t\t\t<\/div>\n\t\t\t\t\t<\/div>\n\t\t<\/div>\n\t\t\t\t<div class=\"elementor-column elementor-col-50 elementor-inner-column elementor-element elementor-element-7c1bb53\" data-id=\"7c1bb53\" data-element_type=\"column\" data-e-type=\"column\">\n\t\t\t<div class=\"elementor-widget-wrap\">\n\t\t\t\t\t\t\t<\/div>\n\t\t<\/div>\n\t\t\t\t\t<\/div>\n\t\t<\/section>\n\t\t\t\t<section data-particle_enable=\"false\" data-particle-mobile-disabled=\"false\" class=\"elementor-section elementor-inner-section elementor-element elementor-element-e6673d0 elementor-section-boxed elementor-section-height-default elementor-section-height-default\" data-id=\"e6673d0\" data-element_type=\"section\" data-e-type=\"section\">\n\t\t\t\t\t\t<div class=\"elementor-container elementor-column-gap-default\">\n\t\t\t\t\t<div class=\"elementor-column elementor-col-100 elementor-inner-column elementor-element elementor-element-e3eeb99\" data-id=\"e3eeb99\" data-element_type=\"column\" data-e-type=\"column\">\n\t\t\t<div class=\"elementor-widget-wrap elementor-element-populated\">\n\t\t\t\t\t\t<div class=\"elementor-element elementor-element-4a70351 elementor-widget elementor-widget-heading\" data-id=\"4a70351\" data-element_type=\"widget\" data-e-type=\"widget\" data-widget_type=\"heading.default\">\n\t\t\t\t<div class=\"elementor-widget-container\">\n\t\t\t\t\t<h2 class=\"elementor-heading-title elementor-size-default\">Signalisation d&#039;information et prescription sociale<\/h2>\t\t\t\t<\/div>\n\t\t\t\t<\/div>\n\t\t\t\t\t<\/div>\n\t\t<\/div>\n\t\t\t\t\t<\/div>\n\t\t<\/section>\n\t\t\t\t\t<\/div>\n\t\t<\/div>\n\t\t\t\t\t<\/div>\n\t\t<\/section>\n\t\t\t\t<section data-particle_enable=\"false\" data-particle-mobile-disabled=\"false\" class=\"elementor-section elementor-top-section elementor-element elementor-element-42558e2 elementor-hidden-desktop elementor-hidden-tablet elementor-section-boxed elementor-section-height-default elementor-section-height-default\" data-id=\"42558e2\" data-element_type=\"section\" data-e-type=\"section\" data-settings=\"{&quot;background_background&quot;:&quot;classic&quot;}\">\n\t\t\t\t\t\t<div class=\"elementor-container elementor-column-gap-default\">\n\t\t\t\t\t<div class=\"elementor-column elementor-col-100 elementor-top-column elementor-element elementor-element-29adbca\" data-id=\"29adbca\" data-element_type=\"column\" data-e-type=\"column\">\n\t\t\t<div class=\"elementor-widget-wrap elementor-element-populated\">\n\t\t\t\t\t\t<section data-particle_enable=\"false\" data-particle-mobile-disabled=\"false\" class=\"elementor-section elementor-inner-section elementor-element elementor-element-49f9504 elementor-section-boxed elementor-section-height-default elementor-section-height-default\" data-id=\"49f9504\" data-element_type=\"section\" data-e-type=\"section\">\n\t\t\t\t\t\t<div class=\"elementor-container elementor-column-gap-default\">\n\t\t\t\t\t<div class=\"elementor-column elementor-col-100 elementor-inner-column elementor-element elementor-element-b69839a\" data-id=\"b69839a\" data-element_type=\"column\" data-e-type=\"column\">\n\t\t\t<div class=\"elementor-widget-wrap elementor-element-populated\">\n\t\t\t\t\t\t<div class=\"elementor-element elementor-element-ecdffe2 elementor-widget elementor-widget-theme-site-logo elementor-widget-image\" data-id=\"ecdffe2\" data-element_type=\"widget\" data-e-type=\"widget\" data-widget_type=\"theme-site-logo.default\">\n\t\t\t\t<div class=\"elementor-widget-container\">\n\t\t\t\t\t\t\t\t\t\t\t<a href=\"https:\/\/4winds.org.uk\/fr\">\n\t\t\t<img fetchpriority=\"high\" decoding=\"async\" width=\"1000\" height=\"334\" src=\"https:\/\/4winds.org.uk\/wp-content\/uploads\/2021\/03\/cropped-4Winds_logo_with-tag-line-2-150x50.png\" class=\"attachment-full size-full wp-image-2033\" alt=\"\" srcset=\"https:\/\/4winds.org.uk\/wp-content\/uploads\/2021\/03\/cropped-4Winds_logo_with-tag-line-2.png 1000w, https:\/\/4winds.org.uk\/wp-content\/uploads\/2021\/03\/cropped-4Winds_logo_with-tag-line-2-300x100.png 300w, https:\/\/4winds.org.uk\/wp-content\/uploads\/2021\/03\/cropped-4Winds_logo_with-tag-line-2-768x257.png 768w, https:\/\/4winds.org.uk\/wp-content\/uploads\/2021\/03\/cropped-4Winds_logo_with-tag-line-2-16x5.png 16w, https:\/\/4winds.org.uk\/wp-content\/uploads\/2021\/03\/cropped-4Winds_logo_with-tag-line-2-150x50.png 150w\" sizes=\"(max-width: 1000px) 100vw, 1000px\" \/>\t\t\t\t<\/a>\n\t\t\t\t\t\t\t\t\t\t\t<\/div>\n\t\t\t\t<\/div>\n\t\t\t\t<div class=\"elementor-element elementor-element-25047cf elementor-widget elementor-widget-spacer\" data-id=\"25047cf\" data-element_type=\"widget\" data-e-type=\"widget\" data-widget_type=\"spacer.default\">\n\t\t\t\t<div class=\"elementor-widget-container\">\n\t\t\t\t\t\t\t<div class=\"elementor-spacer\">\n\t\t\t<div class=\"elementor-spacer-inner\"><\/div>\n\t\t<\/div>\n\t\t\t\t\t\t<\/div>\n\t\t\t\t<\/div>\n\t\t\t\t<div class=\"elementor-element elementor-element-ae3d58c elementor-widget elementor-widget-heading\" data-id=\"ae3d58c\" data-element_type=\"widget\" data-e-type=\"widget\" data-widget_type=\"heading.default\">\n\t\t\t\t<div class=\"elementor-widget-container\">\n\t\t\t\t\t<h2 class=\"elementor-heading-title elementor-size-default\">Signalisation d&#039;information et prescription sociale<\/h2>\t\t\t\t<\/div>\n\t\t\t\t<\/div>\n\t\t\t\t\t<\/div>\n\t\t<\/div>\n\t\t\t\t\t<\/div>\n\t\t<\/section>\n\t\t\t\t\t<\/div>\n\t\t<\/div>\n\t\t\t\t\t<\/div>\n\t\t<\/section>\n\t\t\t\t<section data-particle_enable=\"false\" data-particle-mobile-disabled=\"false\" class=\"elementor-section elementor-top-section elementor-element elementor-element-d76ac7a elementor-section-boxed elementor-section-height-default elementor-section-height-default\" data-id=\"d76ac7a\" data-element_type=\"section\" data-e-type=\"section\">\n\t\t\t\t\t\t<div class=\"elementor-container elementor-column-gap-default\">\n\t\t\t\t\t<div class=\"elementor-column elementor-col-50 elementor-top-column elementor-element elementor-element-cd7110e\" data-id=\"cd7110e\" data-element_type=\"column\" data-e-type=\"column\">\n\t\t\t<div class=\"elementor-widget-wrap elementor-element-populated\">\n\t\t\t\t\t\t<div class=\"elementor-element elementor-element-4ac58e6 elementor-cta--skin-classic elementor-animated-content elementor-bg-transform elementor-bg-transform-zoom-in elementor-widget elementor-widget-call-to-action\" data-id=\"4ac58e6\" data-element_type=\"widget\" data-e-type=\"widget\" data-widget_type=\"call-to-action.default\">\n\t\t\t\t<div class=\"elementor-widget-container\">\n\t\t\t\t\t\t\t<div class=\"elementor-cta\">\n\t\t\t\t\t\t\t<div class=\"elementor-cta__content\">\n\t\t\t\t\n\t\t\t\t\n\t\t\t\t\t\t\t\t\t<div class=\"elementor-cta__description elementor-cta__content-item elementor-content-item\">\n\t\t\t\t\t\t4Winds estime que la fourniture d&#039;informations sur une gamme de probl\u00e8mes, de services et de ressources communautaires est essentielle pour lutter contre la mauvaise sant\u00e9 mentale, les in\u00e9galit\u00e9s de sant\u00e9 et le mauvais bien-\u00eatre. Nous nous engageons \u00e0 fournir des informations en signalant les personnes avec lesquelles nous travaillons \u00e0 un \u00e9ventail d&#039;organisations pertinentes et par la prescription sociale active; c&#039;est-\u00e0-dire aider les gens \u00e0 se connecter aux services, initiatives et \u00e9v\u00e9nements communautaires qui contribuent \u00e0 promouvoir une bonne sant\u00e9 mentale et le bien-\u00eatre. Pour encourager et promouvoir activement ces liens, nous organisons r\u00e9guli\u00e8rement des s\u00e9ances d&#039;information \/ des \u00e9v\u00e9nements de sensibilisation au centre, en invitant un \u00e9ventail d&#039;intervenants. Voici quelques exemples des nombreuses s\u00e9ances qui ont eu lieu: Cardiff Credit Union, Riverside Advice, discussions sur les m\u00e9dicaments pour la sant\u00e9 mentale men\u00e9es par des pharmaciens de sant\u00e9 mentale, s\u00e9ances sur l&#039;alimentation et la nutrition, Pedal Power, Cardiff and Vale Exercise Referral Scheme, Resolve it, Sherman 5 et Pays de Galles plus s\u00fbr. Veuillez nous suivre sur les r\u00e9seaux sociaux pour obtenir des informations sur les prochaines sessions.\t\t\t\t\t<\/div>\n\t\t\t\t\n\t\t\t\t\t\t\t<\/div>\n\t\t\t\t\t\t<\/div>\n\t\t\t\t\t\t<\/div>\n\t\t\t\t<\/div>\n\t\t\t\t\t<\/div>\n\t\t<\/div>\n\t\t\t\t<div class=\"elementor-column elementor-col-50 elementor-top-column elementor-element elementor-element-b5157de\" data-id=\"b5157de\" data-element_type=\"column\" data-e-type=\"column\">\n\t\t\t<div class=\"elementor-widget-wrap elementor-element-populated\">\n\t\t\t\t\t\t<div class=\"elementor-element elementor-element-64cab4f elementor-widget elementor-widget-image\" data-id=\"64cab4f\" data-element_type=\"widget\" data-e-type=\"widget\" data-widget_type=\"image.default\">\n\t\t\t\t<div class=\"elementor-widget-container\">\n\t\t\t\t\t\t\t\t\t\t\t\t\t\t\t<img decoding=\"async\" width=\"2560\" height=\"1707\" src=\"https:\/\/4winds.org.uk\/wp-content\/uploads\/2021\/04\/Information2-scaled.jpg\" class=\"attachment-full size-full wp-image-5054\" alt=\"\" srcset=\"https:\/\/4winds.org.uk\/wp-content\/uploads\/2021\/04\/Information2-scaled.jpg 2560w, https:\/\/4winds.org.uk\/wp-content\/uploads\/2021\/04\/Information2-300x200.jpg 300w, https:\/\/4winds.org.uk\/wp-content\/uploads\/2021\/04\/Information2-1024x683.jpg 1024w, https:\/\/4winds.org.uk\/wp-content\/uploads\/2021\/04\/Information2-768x512.jpg 768w, https:\/\/4winds.org.uk\/wp-content\/uploads\/2021\/04\/Information2-1536x1024.jpg 1536w, https:\/\/4winds.org.uk\/wp-content\/uploads\/2021\/04\/Information2-2048x1365.jpg 2048w\" sizes=\"(max-width: 2560px) 100vw, 2560px\" \/>\t\t\t\t\t\t\t\t\t\t\t\t\t\t\t<\/div>\n\t\t\t\t<\/div>\n\t\t\t\t\t<\/div>\n\t\t<\/div>\n\t\t\t\t\t<\/div>\n\t\t<\/section>\n\t\t\t\t<section data-particle_enable=\"false\" data-particle-mobile-disabled=\"false\" class=\"elementor-section elementor-top-section elementor-element elementor-element-9b9f7c1 elementor-section-boxed elementor-section-height-default elementor-section-height-default\" data-id=\"9b9f7c1\" data-element_type=\"section\" data-e-type=\"section\">\n\t\t\t\t\t\t<div class=\"elementor-container elementor-column-gap-default\">\n\t\t\t\t\t<div class=\"elementor-column elementor-col-100 elementor-top-column elementor-element elementor-element-e36dd94\" data-id=\"e36dd94\" data-element_type=\"column\" data-e-type=\"column\">\n\t\t\t<div class=\"elementor-widget-wrap\">\n\t\t\t\t\t\t\t<\/div>\n\t\t<\/div>\n\t\t\t\t\t<\/div>\n\t\t<\/section>\n\t\t\t\t<\/div>","protected":false},"excerpt":{"rendered":"<p>Information Signposting And Social Prescribing Information Signposting And Social Prescribing 4Winds believes that the provision of information on a range of issues, services and community resources is essential to tackling poor mental health, health inequalities and poor wellbeing. We are committed to the provision of information through signposting the people we work with to a [&hellip;]<\/p>\n","protected":false},"author":1,"featured_media":0,"parent":0,"menu_order":0,"comment_status":"closed","ping_status":"closed","template":"","meta":{"site-sidebar-layout":"no-sidebar","site-content-layout":"page-builder","ast-site-content-layout":"default","site-content-style":"default","site-sidebar-style":"default","ast-global-header-display":"","ast-banner-title-visibility":"","ast-main-header-display":"","ast-hfb-above-header-display":"","ast-hfb-below-header-display":"","ast-hfb-mobile-header-display":"","site-post-title":"disabled","ast-breadcrumbs-content":"","ast-featured-img":"disabled","footer-sml-layout":"","theme-transparent-header-meta":"default","adv-header-id-meta":"","stick-header-meta":"","header-above-stick-meta":"","header-main-stick-meta":"","header-below-stick-meta":"","astra-migrate-meta-layouts":"default","ast-page-background-enabled":"default","ast-page-background-meta":{"desktop":{"background-color":"","background-image":"","background-repeat":"repeat","background-position":"center center","background-size":"auto","background-attachment":"scroll","background-type":"","background-media":"","overlay-type":"","overlay-color":"","overlay-opacity":"","overlay-gradient":""},"tablet":{"background-color":"","background-image":"","background-repeat":"repeat","background-position":"center center","background-size":"auto","background-attachment":"scroll","background-type":"","background-media":"","overlay-type":"","overlay-color":"","overlay-opacity":"","overlay-gradient":""},"mobile":{"background-color":"","background-image":"","background-repeat":"repeat","background-position":"center center","background-size":"auto","background-attachment":"scroll","background-type":"","background-media":"","overlay-type":"","overlay-color":"","overlay-opacity":"","overlay-gradient":""}},"ast-content-background-meta":{"desktop":{"background-color":"var(--ast-global-color-5)","background-image":"","background-repeat":"repeat","background-position":"center center","background-size":"auto","background-attachment":"scroll","background-type":"","background-media":"","overlay-type":"","overlay-color":"","overlay-opacity":"","overlay-gradient":""},"tablet":{"background-color":"var(--ast-global-color-5)","background-image":"","background-repeat":"repeat","background-position":"center center","background-size":"auto","background-attachment":"scroll","background-type":"","background-media":"","overlay-type":"","overlay-color":"","overlay-opacity":"","overlay-gradient":""},"mobile":{"background-color":"var(--ast-global-color-5)","background-image":"","background-repeat":"repeat","background-position":"center center","background-size":"auto","background-attachment":"scroll","background-type":"","background-media":"","overlay-type":"","overlay-color":"","overlay-opacity":"","overlay-gradient":""}},"footnotes":""},"class_list":["post-3785","page","type-page","status-publish","hentry"],"_links":{"self":[{"href":"https:\/\/4winds.org.uk\/fr\/wp-json\/wp\/v2\/pages\/3785","targetHints":{"allow":["GET"]}}],"collection":[{"href":"https:\/\/4winds.org.uk\/fr\/wp-json\/wp\/v2\/pages"}],"about":[{"href":"https:\/\/4winds.org.uk\/fr\/wp-json\/wp\/v2\/types\/page"}],"author":[{"embeddable":true,"href":"https:\/\/4winds.org.uk\/fr\/wp-json\/wp\/v2\/users\/1"}],"replies":[{"embeddable":true,"href":"https:\/\/4winds.org.uk\/fr\/wp-json\/wp\/v2\/comments?post=3785"}],"version-history":[{"count":68,"href":"https:\/\/4winds.org.uk\/fr\/wp-json\/wp\/v2\/pages\/3785\/revisions"}],"predecessor-version":[{"id":7719,"href":"https:\/\/4winds.org.uk\/fr\/wp-json\/wp\/v2\/pages\/3785\/revisions\/7719"}],"wp:attachment":[{"href":"https:\/\/4winds.org.uk\/fr\/wp-json\/wp\/v2\/media?parent=3785"}],"curies":[{"name":"wp","href":"https:\/\/api.w.org\/{rel}","templated":true}]}}