{"id":3,"date":"2020-11-29T18:14:40","date_gmt":"2020-11-29T18:14:40","guid":{"rendered":"http:\/\/www.4winds-demo.com\/?page_id=3"},"modified":"2021-04-13T14:37:19","modified_gmt":"2021-04-13T10:37:19","slug":"privacy-policy","status":"publish","type":"page","link":"https:\/\/4winds.org.uk\/pl\/privacy-policy\/","title":{"rendered":"Polityka prywatno\u015bci"},"content":{"rendered":"<div data-elementor-type=\"wp-page\" data-elementor-id=\"3\" class=\"elementor elementor-3\" data-elementor-post-type=\"page\">\n\t\t\t\t\t\t<section data-particle_enable=\"false\" data-particle-mobile-disabled=\"false\" class=\"elementor-section elementor-top-section elementor-element elementor-element-50df335e elementor-section-boxed elementor-section-height-default elementor-section-height-default\" data-id=\"50df335e\" data-element_type=\"section\" data-e-type=\"section\">\n\t\t\t\t\t\t<div class=\"elementor-container elementor-column-gap-default\">\n\t\t\t\t\t<div class=\"elementor-column elementor-col-100 elementor-top-column elementor-element elementor-element-5e31d03d\" data-id=\"5e31d03d\" data-element_type=\"column\" data-e-type=\"column\">\n\t\t\t<div class=\"elementor-widget-wrap elementor-element-populated\">\n\t\t\t\t\t\t<div class=\"elementor-element elementor-element-27077a92 elementor-widget elementor-widget-text-editor\" data-id=\"27077a92\" data-element_type=\"widget\" data-e-type=\"widget\" data-widget_type=\"text-editor.default\">\n\t\t\t\t<div class=\"elementor-widget-container\">\n\t\t\t\t\t\t\t\t\t<p><strong>Kim jeste\u015bmy<\/strong><\/p>\n<p>4Winds to niezale\u017cna organizacja charytatywna zajmuj\u0105ca si\u0119 zdrowiem psychicznym, zapewniaj\u0105ca <strong>Us\u0142uga zasob\u00f3w w zakresie zdrowia psychicznego <\/strong>poprawa zdrowia psychicznego i dobrego samopoczucia w Cardiff i Vale of Glamorgan.<\/p>\n<p><strong>Administratorem danych jest 4Winds<\/strong><\/p>\n<p><strong>Komentarze<\/strong><\/p>\n<p><strong>Cel Polityki prywatno\u015bci: <\/strong>Niniejsze o\u015bwiadczenie o ochronie prywatno\u015bci obejmuje wszystkie dane osobowe gromadzone przez 4Winds. Nasza polityka prywatno\u015bci wyja\u015bnia, w jaki spos\u00f3b 4Winds wykorzystuje dane osobowe.<\/p>\n<p>4Winds zobowi\u0105zuje si\u0119 szanowa\u0107 Twoj\u0105 prywatno\u015b\u0107 i chroni\u0107 Twoje dane osobowe.<\/p>\n<p><strong>\u00a0<\/strong><strong>Dlaczego 4Winds zbiera dane: <\/strong>Zgodnie ze Statutem 4Winds, celami i zadaniami, 4Winds gromadzi dane osobowe w celu:<\/p>\n<ul>\n<li>Udost\u0119pniaj informacje istotne dla naszych cz\u0142onk\u00f3w i organizacji, z kt\u00f3rymi wsp\u00f3\u0142pracujemy<\/li>\n<li>Prowad\u017a rejestr cz\u0142onk\u00f3w 4Winds<\/li>\n<li>Prowad\u017a rejestr konkretnych dzia\u0142a\u0144 wspieraj\u0105cych z poszczeg\u00f3lnymi osobami<\/li>\n<li>Odpowiadaj na pro\u015bby o informacje<\/li>\n<li>Monitoruj i oceniaj jego us\u0142ugi<\/li>\n<li>Rekrutuj i zatrudniaj pracownik\u00f3w<\/li>\n<li>Prowad\u017a zapisy um\u00f3w, dostawc\u00f3w i organizacji<\/li>\n<li>Prowad\u017a ewidencj\u0119 us\u0142ug lub produkt\u00f3w zakupionych przez 4Winds<\/li>\n<\/ul>\n<p><strong>W jaki spos\u00f3b 4Winds zbiera dane<\/strong>: Dane osobowe, kt\u00f3re zbieramy, zosta\u0142y w wi\u0119kszo\u015bci otrzymane bezpo\u015brednio od Ciebie, za po\u015brednictwem formularzy cz\u0142onkowskich i innych formularzy rejestracyjnych (np. Na imprezach lub spotkaniach), przez telefon lub e-mail oraz za po\u015brednictwem poda\u0144 o prac\u0119.<\/p>\n<p><strong>Jakie dane s\u0105 gromadzone i gdzie s\u0105 przechowywane: <\/strong>4Winds gromadzi dane zwi\u0105zane z bie\u017c\u0105cym \u015bwiadczeniem us\u0142ug (patrz wy\u017cej) i przechowuje je w zaszyfrowanej bazie danych, dost\u0119pnej tylko dla pracownik\u00f3w 4Winds.<\/p>\n<p>Adresy e-mail mog\u0105 by\u0107 r\u00f3wnie\u017c przechowywane w ksi\u0105\u017ckach adresowych e-mail. Wszystkie konta e-mail maj\u0105 bezpieczne has\u0142o, a wszystkie komputery 4Wind s\u0105 r\u00f3wnie\u017c chronione has\u0142em i blokowane, gdy nie s\u0105 u\u017cywane.<\/p>\n<ul>\n<li>W przypadku wysy\u0142ania e-maili, imi\u0119 i nazwisko oraz adres e-mail s\u0105 przechowywane w ksi\u0105\u017ckach adresowych e-mail. Je\u015bli mamy zapisane inne dane kontaktowe, zostan\u0105 one zapisane w bazie danych 4Winds.<\/li>\n<li>W przypadku wysy\u0142ek papierowych imi\u0119 i nazwisko oraz adres s\u0105 przechowywane w bazie danych 4Winds oraz opcjonalnie telefon i adres e-mail.<\/li>\n<li>Je\u015bli ubiegasz si\u0119 o prac\u0119 u nas, zbierzemy informacje o Twojej historii zatrudnienia, kwalifikacjach i referencjach.<\/li>\n<li>Je\u015bli pracujesz dla nas lub jeste\u015b wolontariuszem, b\u0119dziemy gromadzi\u0107 i wykorzystywa\u0107 dodatkowe dane osobowe, takie jak dane finansowe.<\/li>\n<li>Je\u015bli wype\u0142nisz jakiekolwiek kwestionariusze, ankiety lub formularze opinii, zbierzemy Twoje do\u015bwiadczenia, opinie i wszelkie informacje, kt\u00f3rymi z przyjemno\u015bci\u0105 si\u0119 z nami podzielisz.<\/li>\n<li>Do cel\u00f3w monitorowania mo\u017cemy poprosi\u0107 o informacje na temat cech r\u00f3wno\u015bci, jest to anonimowe.<br \/>Informacje finansowe r\u00f3wnie\u017c mog\u0105 by\u0107 gromadzone i bezpiecznie przechowywane.<\/li>\n<\/ul>\n<p><strong>Udost\u0119pnianie danych: <\/strong>Dane osobowe nie b\u0119d\u0105 udost\u0119pniane nikomu spoza 4Winds bez zgody. Jedynym wyj\u0105tkiem jest to, \u017ce je\u015bli uznamy, \u017ce Twoje lub czyje\u015b bezpiecze\u0144stwo jest zagro\u017cone, mo\u017cemy wezwa\u0107 pogotowie ratunkowe. Listy dystrybucyjne e-maili nie b\u0119d\u0105 wy\u015bwietlane w \u017cadnych wiadomo\u015bciach e-mail \/ informacjach marketingowych wysy\u0142anych przez 4Winds.<\/p>\n<p><strong>Rezygnacja i zmiana danych: <\/strong>Ka\u017cdy w bazie danych 4Winds mo\u017ce zrezygnowa\u0107 w dowolnym momencie na \u017c\u0105danie. Wnioski mo\u017cna kierowa\u0107 do dowolnego cz\u0142onka personelu, pisz\u0105c na adres 4Winds, 65 Clare Road, Grangetown, Cardiff CF11 6QP, dzwoni\u0105c pod numer 029 20388144 lub wysy\u0142aj\u0105c e-mail <u>contact@4winds.org.uk<\/u><\/p>\n<p>Je\u015bli Twoje dane osobowe ulegn\u0105 zmianie, skontaktuj si\u0119 z nami w spos\u00f3b opisany powy\u017cej.<\/p>\n<p><strong>Dost\u0119p do posiadanych przez nas danych: <\/strong>Mo\u017cesz za\u017c\u0105da\u0107 dost\u0119pu do informacji, kt\u00f3re dostarczy\u0142e\u015b, w dowolnym momencie, kontaktuj\u0105c si\u0119 z nami w spos\u00f3b opisany powy\u017cej w punkcie \u201e<em>Rezygnacja i zmiana danych<\/em>\u201d.<\/p>\n<p>Aby uzyska\u0107 niezale\u017cn\u0105 porad\u0119 dotycz\u0105c\u0105 kwestii ochrony danych, prywatno\u015bci i udost\u0119pniania danych, lub je\u015bli kiedykolwiek b\u0119dziesz niezadowolony ze sposobu, w jaki obchodzimy si\u0119 z Twoimi danymi osobowymi, mo\u017cesz zadzwoni\u0107 do Biura Komisarza ds. Informacji (ICO) pod adresem:<\/p>\n<p><strong>Dane kontaktowe ICO Wales:<\/strong><\/p>\n<p>Biuro komisarza ds. Informacji - Walia<br \/>2. pi\u0119tro<br \/>Churchill House<br \/>Churchill Way<br \/>Cardiff<br \/>CF10 2HH<br \/><br \/>Telefon: 029 2067 8400<br \/>Faks: 029 2067 8399<br \/>E-mail: wales@ico.org.uk<br \/><br \/><strong>Dane centrali ICO:<\/strong><\/p>\n<p>Biuro Rzecznika Informacji<br \/>Dom Wiklifa<br \/>Water Lane<br \/>Wilmslow<br \/>Cheshire<br \/>SK9 5AF<br \/><br \/>Telefon: 0303 123 1113 lub 01625 545745<br \/>Faks: 01625 524510<\/p>\n<p>Przyj\u0119to: maj 2018 r<\/p>\n<p>\u00a0<\/p>\t\t\t\t\t\t\t\t<\/div>\n\t\t\t\t<\/div>\n\t\t\t\t\t<\/div>\n\t\t<\/div>\n\t\t\t\t\t<\/div>\n\t\t<\/section>\n\t\t\t\t<\/div>","protected":false},"excerpt":{"rendered":"<p>Who we are 4Winds is an independent mental health charity providing a Mental Health Resource Service to improve mental health and well being in Cardiff and the Vale of Glamorgan. 4Winds is the Data Controller Comments Purpose of the Privacy Policy: This privacy notice covers all personal data that is gathered by 4Winds. Our privacy [&hellip;]<\/p>\n","protected":false},"author":1,"featured_media":0,"parent":0,"menu_order":0,"comment_status":"closed","ping_status":"open","template":"","meta":{"site-sidebar-layout":"default","site-content-layout":"","ast-site-content-layout":"default","site-content-style":"default","site-sidebar-style":"default","ast-global-header-display":"","ast-banner-title-visibility":"","ast-main-header-display":"","ast-hfb-above-header-display":"","ast-hfb-below-header-display":"","ast-hfb-mobile-header-display":"","site-post-title":"","ast-breadcrumbs-content":"","ast-featured-img":"","footer-sml-layout":"","theme-transparent-header-meta":"","adv-header-id-meta":"","stick-header-meta":"","header-above-stick-meta":"","header-main-stick-meta":"","header-below-stick-meta":"","astra-migrate-meta-layouts":"default","ast-page-background-enabled":"default","ast-page-background-meta":{"desktop":{"background-color":"","background-image":"","background-repeat":"repeat","background-position":"center center","background-size":"auto","background-attachment":"scroll","background-type":"","background-media":"","overlay-type":"","overlay-color":"","overlay-opacity":"","overlay-gradient":""},"tablet":{"background-color":"","background-image":"","background-repeat":"repeat","background-position":"center center","background-size":"auto","background-attachment":"scroll","background-type":"","background-media":"","overlay-type":"","overlay-color":"","overlay-opacity":"","overlay-gradient":""},"mobile":{"background-color":"","background-image":"","background-repeat":"repeat","background-position":"center center","background-size":"auto","background-attachment":"scroll","background-type":"","background-media":"","overlay-type":"","overlay-color":"","overlay-opacity":"","overlay-gradient":""}},"ast-content-background-meta":{"desktop":{"background-color":"var(--ast-global-color-5)","background-image":"","background-repeat":"repeat","background-position":"center center","background-size":"auto","background-attachment":"scroll","background-type":"","background-media":"","overlay-type":"","overlay-color":"","overlay-opacity":"","overlay-gradient":""},"tablet":{"background-color":"var(--ast-global-color-5)","background-image":"","background-repeat":"repeat","background-position":"center center","background-size":"auto","background-attachment":"scroll","background-type":"","background-media":"","overlay-type":"","overlay-color":"","overlay-opacity":"","overlay-gradient":""},"mobile":{"background-color":"var(--ast-global-color-5)","background-image":"","background-repeat":"repeat","background-position":"center center","background-size":"auto","background-attachment":"scroll","background-type":"","background-media":"","overlay-type":"","overlay-color":"","overlay-opacity":"","overlay-gradient":""}},"footnotes":""},"class_list":["post-3","page","type-page","status-publish","hentry"],"_links":{"self":[{"href":"https:\/\/4winds.org.uk\/pl\/wp-json\/wp\/v2\/pages\/3","targetHints":{"allow":["GET"]}}],"collection":[{"href":"https:\/\/4winds.org.uk\/pl\/wp-json\/wp\/v2\/pages"}],"about":[{"href":"https:\/\/4winds.org.uk\/pl\/wp-json\/wp\/v2\/types\/page"}],"author":[{"embeddable":true,"href":"https:\/\/4winds.org.uk\/pl\/wp-json\/wp\/v2\/users\/1"}],"replies":[{"embeddable":true,"href":"https:\/\/4winds.org.uk\/pl\/wp-json\/wp\/v2\/comments?post=3"}],"version-history":[{"count":4,"href":"https:\/\/4winds.org.uk\/pl\/wp-json\/wp\/v2\/pages\/3\/revisions"}],"predecessor-version":[{"id":4849,"href":"https:\/\/4winds.org.uk\/pl\/wp-json\/wp\/v2\/pages\/3\/revisions\/4849"}],"wp:attachment":[{"href":"https:\/\/4winds.org.uk\/pl\/wp-json\/wp\/v2\/media?parent=3"}],"curies":[{"name":"wp","href":"https:\/\/api.w.org\/{rel}","templated":true}]}}